{"id":43,"date":"2024-04-17T20:39:43","date_gmt":"2024-04-18T00:39:43","guid":{"rendered":"https:\/\/www.simple-expression.com\/sstq\/?page_id=43"},"modified":"2024-05-01T21:02:33","modified_gmt":"2024-05-02T01:02:33","slug":"evenements","status":"publish","type":"page","link":"https:\/\/www.simple-expression.com\/sstq\/evenements\/","title":{"rendered":"\u00c9v\u00e9nements"},"content":{"rendered":"<p>[et_pb_section fb_built=\u00a0\u00bb1&Prime; admin_label=\u00a0\u00bbPage Title Section\u00a0\u00bb _builder_version=\u00a0\u00bb4.25.0&Prime; use_background_color_gradient=\u00a0\u00bbon\u00a0\u00bb background_color_gradient_direction=\u00a0\u00bb120deg\u00a0\u00bb background_color_gradient_stops=\u00a0\u00bb#000000 0%|rgba(0,0,0,0) 100%\u00a0\u00bb background_color_gradient_overlays_image=\u00a0\u00bbon\u00a0\u00bb background_color_gradient_start=\u00a0\u00bb#000000&Prime; background_color_gradient_end=\u00a0\u00bbrgba(0,0,0,0)\u00a0\u00bb background_image=\u00a0\u00bbhttps:\/\/www.simple-expression.com\/sstq\/wp-content\/uploads\/2024\/05\/conference-bd.jpg\u00a0\u00bb custom_margin=\u00a0\u00bb-105px||||false|false\u00a0\u00bb custom_padding=\u00a0\u00bb185px||110px||false|false\u00a0\u00bb global_colors_info=\u00a0\u00bb{}\u00a0\u00bb][et_pb_row column_structure=\u00a0\u00bb2_3,1_3&Prime; _builder_version=\u00a0\u00bb4.16&Prime; background_size=\u00a0\u00bbinitial\u00a0\u00bb background_position=\u00a0\u00bbtop_left\u00a0\u00bb background_repeat=\u00a0\u00bbrepeat\u00a0\u00bb global_colors_info=\u00a0\u00bb{}\u00a0\u00bb][et_pb_column type=\u00a0\u00bb2_3&Prime; _builder_version=\u00a0\u00bb4.16&Prime; custom_padding=\u00a0\u00bb|||\u00a0\u00bb global_colors_info=\u00a0\u00bb{}\u00a0\u00bb custom_padding__hover=\u00a0\u00bb|||\u00a0\u00bb][et_pb_text admin_label=\u00a0\u00bbTitle\u00a0\u00bb _builder_version=\u00a0\u00bb4.16&Prime; text_font=\u00a0\u00bb||||||||\u00a0\u00bb header_font=\u00a0\u00bbPoppins|600|||||||\u00a0\u00bb header_font_size=\u00a0\u00bb60px\u00a0\u00bb header_line_height=\u00a0\u00bb1.2em\u00a0\u00bb header_2_font=\u00a0\u00bb||||||||\u00a0\u00bb header_2_font_size=\u00a0\u00bb60px\u00a0\u00bb background_layout=\u00a0\u00bbdark\u00a0\u00bb custom_margin=\u00a0\u00bb||20px|\u00a0\u00bb custom_padding=\u00a0\u00bb|||\u00a0\u00bb animation_style=\u00a0\u00bbfade\u00a0\u00bb header_font_size_tablet=\u00a0\u00bb\u00a0\u00bb header_font_size_phone=\u00a0\u00bb40px\u00a0\u00bb header_font_size_last_edited=\u00a0\u00bbon|phone\u00a0\u00bb global_colors_info=\u00a0\u00bb{}\u00a0\u00bb]<\/p>\n<h1>\u00c9v\u00e9nements<\/h1>\n<p>[\/et_pb_text][et_pb_text admin_label=\u00a0\u00bbPage Subtitle\u00a0\u00bb _builder_version=\u00a0\u00bb4.25.0&Prime; text_font=\u00a0\u00bbPoppins||||||||\u00a0\u00bb text_font_size=\u00a0\u00bb18px\u00a0\u00bb text_line_height=\u00a0\u00bb1.8em\u00a0\u00bb header_font=\u00a0\u00bb||||||||\u00a0\u00bb background_layout=\u00a0\u00bbdark\u00a0\u00bb animation_style=\u00a0\u00bbfade\u00a0\u00bb global_colors_info=\u00a0\u00bb{}\u00a0\u00bb]<\/p>\n<p>D\u00e9couvrez nos derniers \u00e9v\u00e9nements \u00e0 venir et ne manquez pas les opportunit\u00e9s de r\u00e9seautage.<\/p>\n<p>[\/et_pb_text][\/et_pb_column][et_pb_column type=\u00a0\u00bb1_3&Prime; _builder_version=\u00a0\u00bb4.16&Prime; custom_padding=\u00a0\u00bb|||\u00a0\u00bb global_colors_info=\u00a0\u00bb{}\u00a0\u00bb custom_padding__hover=\u00a0\u00bb|||\u00a0\u00bb][\/et_pb_column][\/et_pb_row][\/et_pb_section][et_pb_section fb_built=\u00a0\u00bb1&Prime; _builder_version=\u00a0\u00bb4.16&Prime; background_color=\u00a0\u00bb#efe9e4&Prime; min_height=\u00a0\u00bb1158.9px\u00a0\u00bb custom_padding=\u00a0\u00bb39px||0px|||\u00a0\u00bb global_colors_info=\u00a0\u00bb{}\u00a0\u00bb][et_pb_row _builder_version=\u00a0\u00bb4.21.0&Prime; _module_preset=\u00a0\u00bbdefault\u00a0\u00bb global_colors_info=\u00a0\u00bb{}\u00a0\u00bb][et_pb_column type=\u00a0\u00bb4_4&Prime; _builder_version=\u00a0\u00bb4.21.0&Prime; _module_preset=\u00a0\u00bbdefault\u00a0\u00bb global_colors_info=\u00a0\u00bb{}\u00a0\u00bb][et_pb_text admin_label=\u00a0\u00bbTitle\u00a0\u00bb _builder_version=\u00a0\u00bb4.25.0&Prime; text_font=\u00a0\u00bb||||||||\u00a0\u00bb header_font=\u00a0\u00bb||||||||\u00a0\u00bb header_2_font=\u00a0\u00bbPoppins|600|||||||\u00a0\u00bb header_2_font_size=\u00a0\u00bb36px\u00a0\u00bb header_2_line_height=\u00a0\u00bb1.2em\u00a0\u00bb background_layout=\u00a0\u00bbdark\u00a0\u00bb max_width=\u00a0\u00bb750px\u00a0\u00bb custom_margin=\u00a0\u00bb0px|0px|-8px|0px|false|true\u00a0\u00bb custom_padding=\u00a0\u00bb|0px|8px|0px|false|false\u00a0\u00bb animation_style=\u00a0\u00bbfold\u00a0\u00bb animation_direction=\u00a0\u00bbleft\u00a0\u00bb animation_intensity_fold=\u00a0\u00bb10%\u00a0\u00bb animation_starting_opacity=\u00a0\u00bb100%\u00a0\u00bb locked=\u00a0\u00bboff\u00a0\u00bb global_colors_info=\u00a0\u00bb{}\u00a0\u00bb]<\/p>\n<h2><span style=\"color: #666666;\">\u00c9v\u00e9nements \u00e0 venir<\/span><\/h2>\n<p>[\/et_pb_text][et_pb_divider color=\u00a0\u00bb#f6a006&Prime; divider_position=\u00a0\u00bbcenter\u00a0\u00bb divider_weight=\u00a0\u00bb3px\u00a0\u00bb _builder_version=\u00a0\u00bb4.25.0&Prime; max_width=\u00a0\u00bb50px\u00a0\u00bb custom_margin=\u00a0\u00bb0px||-32px|0px|false|false\u00a0\u00bb custom_padding=\u00a0\u00bb||0px||false|false\u00a0\u00bb animation_style=\u00a0\u00bbslide\u00a0\u00bb animation_intensity_slide=\u00a0\u00bb10%\u00a0\u00bb animation_starting_opacity=\u00a0\u00bb100%\u00a0\u00bb locked=\u00a0\u00bboff\u00a0\u00bb global_colors_info=\u00a0\u00bb{}\u00a0\u00bb][\/et_pb_divider][\/et_pb_column][\/et_pb_row][et_pb_row _builder_version=\u00a0\u00bb4.24.3&Prime; _module_preset=\u00a0\u00bbdefault\u00a0\u00bb locked=\u00a0\u00bboff\u00a0\u00bb global_colors_info=\u00a0\u00bb{}\u00a0\u00bb][et_pb_column type=\u00a0\u00bb4_4&Prime; _builder_version=\u00a0\u00bb4.24.3&Prime; _module_preset=\u00a0\u00bbdefault\u00a0\u00bb global_colors_info=\u00a0\u00bb{}\u00a0\u00bb][decm_event_display show_date=\u00a0\u00bboff\u00a0\u00bb show_end_date=\u00a0\u00bboff\u00a0\u00bb show_name=\u00a0\u00bboff\u00a0\u00bb show_price=\u00a0\u00bboff\u00a0\u00bb show_category=\u00a0\u00bboff\u00a0\u00bb hide_comma_cat=\u00a0\u00bboff\u00a0\u00bb show_tag=\u00a0\u00bboff\u00a0\u00bb show_weburl=\u00a0\u00bboff\u00a0\u00bb show_excerpt=\u00a0\u00bboff\u00a0\u00bb show_icon_label=\u00a0\u00bbicon\u00a0\u00bb result_message=\u00a0\u00bbIl n&rsquo;y a pas d&rsquo;\u00e9v\u00e9nements \u00e0 venir pour le moment.\u00a0\u00bb open_toggle_background_color=\u00a0\u00bb#282624&Prime; month_sep_background_color=\u00a0\u00bbRGBA(255,255,255,0)\u00a0\u00bb details_background_color=\u00a0\u00bbRGBA(255,255,255,0)\u00a0\u00bb callout_background_color=\u00a0\u00bbRGBA(255,255,255,0)\u00a0\u00bb details_link_color=\u00a0\u00bb#FFFFFF\u00a0\u00bb details_icon_color=\u00a0\u00bb#b2b2b2&Prime; event_inner_spacing=\u00a0\u00bb||||false|false\u00a0\u00bb view_more_text=\u00a0\u00bbEn savoir plus\u00a0\u00bb image_aspect_ratio=\u00a0\u00bb16\/9&Prime; custom_event_link_target=\u00a0\u00bb_blank\u00a0\u00bb _builder_version=\u00a0\u00bb4.25.0&Prime; _module_preset=\u00a0\u00bbdefault\u00a0\u00bb title_font=\u00a0\u00bbPoppins|600|||||||\u00a0\u00bb title_text_color=\u00a0\u00bb#FFFFFF\u00a0\u00bb duration_font=\u00a0\u00bbPoppins||||||||\u00a0\u00bb duration_text_color=\u00a0\u00bb#b2b2b2&Prime; month_sep_text_color=\u00a0\u00bb#FFFFFF\u00a0\u00bb callout_date_font=\u00a0\u00bbPoppins|700|||||||\u00a0\u00bb callout_date_text_color=\u00a0\u00bb#FFFFFF\u00a0\u00bb callout_month_text_color=\u00a0\u00bb#FFFFFF\u00a0\u00bb background_color=\u00a0\u00bbRGBA(255,255,255,0)\u00a0\u00bb custom_view_more=\u00a0\u00bbon\u00a0\u00bb view_more_text_size=\u00a0\u00bb15px\u00a0\u00bb view_more_text_color=\u00a0\u00bb#E09900&Prime; view_more_bg_color=\u00a0\u00bbRGBA(255,255,255,0)\u00a0\u00bb view_more_border_color=\u00a0\u00bb#E09900&Prime; view_more_border_radius=\u00a0\u00bb49px\u00a0\u00bb view_more_icon=\u00a0\u00bb&#x35;||divi||400&Prime; view_more_alignment=\u00a0\u00bbleft\u00a0\u00bb custom_ajax_load_more_button=\u00a0\u00bbon\u00a0\u00bb ajax_load_more_button_text_color=\u00a0\u00bbRGBA(255,255,255,0)\u00a0\u00bb ajax_load_more_button_bg_color=\u00a0\u00bbRGBA(255,255,255,0)\u00a0\u00bb ajax_load_more_button_border_color=\u00a0\u00bbRGBA(255,255,255,0)\u00a0\u00bb ajax_load_more_button_icon_color=\u00a0\u00bbRGBA(255,255,255,0)\u00a0\u00bb border_radii_thumbnail_border=\u00a0\u00bbon|0px|0px|0px|0px\u00a0\u00bb border_width_all_thumbnail_border=\u00a0\u00bb0px\u00a0\u00bb border_radii_event_border=\u00a0\u00bbon|18px|18px|18px|18px\u00a0\u00bb border_width_all_event_border=\u00a0\u00bb0px\u00a0\u00bb border_style_all_event_border=\u00a0\u00bbnone\u00a0\u00bb border_width_all_details_border=\u00a0\u00bb28px\u00a0\u00bb border_color_all_details_border=\u00a0\u00bbRGBA(255,255,255,0)\u00a0\u00bb border_color_all_callout_border=\u00a0\u00bbRGBA(255,255,255,0)\u00a0\u00bb global_colors_info=\u00a0\u00bb{}\u00a0\u00bb][\/decm_event_display][\/et_pb_column][\/et_pb_row][et_pb_row _builder_version=\u00a0\u00bb4.21.0&Prime; _module_preset=\u00a0\u00bbdefault\u00a0\u00bb custom_margin=\u00a0\u00bb|auto|-21px|auto||\u00a0\u00bb global_colors_info=\u00a0\u00bb{}\u00a0\u00bb][et_pb_column type=\u00a0\u00bb4_4&Prime; _builder_version=\u00a0\u00bb4.21.0&Prime; _module_preset=\u00a0\u00bbdefault\u00a0\u00bb global_colors_info=\u00a0\u00bb{}\u00a0\u00bb][et_pb_text admin_label=\u00a0\u00bbTitle\u00a0\u00bb _builder_version=\u00a0\u00bb4.25.0&Prime; text_font=\u00a0\u00bb||||||||\u00a0\u00bb header_font=\u00a0\u00bb||||||||\u00a0\u00bb header_2_font=\u00a0\u00bbPoppins|600|||||||\u00a0\u00bb header_2_font_size=\u00a0\u00bb36px\u00a0\u00bb header_2_line_height=\u00a0\u00bb1.2em\u00a0\u00bb background_layout=\u00a0\u00bbdark\u00a0\u00bb max_width=\u00a0\u00bb750px\u00a0\u00bb custom_margin=\u00a0\u00bb13px|0px|-8px|0px|false|false\u00a0\u00bb custom_padding=\u00a0\u00bb|0px|8px|0px|false|false\u00a0\u00bb animation_style=\u00a0\u00bbfold\u00a0\u00bb animation_direction=\u00a0\u00bbleft\u00a0\u00bb animation_intensity_fold=\u00a0\u00bb10%\u00a0\u00bb animation_starting_opacity=\u00a0\u00bb100%\u00a0\u00bb locked=\u00a0\u00bboff\u00a0\u00bb global_colors_info=\u00a0\u00bb{}\u00a0\u00bb]<\/p>\n<h2><span style=\"color: #666666;\">\u00c9v\u00e9nements pass\u00e9s<\/span><\/h2>\n<p>[\/et_pb_text][et_pb_divider color=\u00a0\u00bb#f6a006&Prime; divider_position=\u00a0\u00bbcenter\u00a0\u00bb divider_weight=\u00a0\u00bb3px\u00a0\u00bb _builder_version=\u00a0\u00bb4.25.0&Prime; max_width=\u00a0\u00bb50px\u00a0\u00bb custom_margin=\u00a0\u00bb0px||0px|0px|false|false\u00a0\u00bb custom_padding=\u00a0\u00bb||0px||false|false\u00a0\u00bb custom_padding_last_edited=\u00a0\u00bboff|desktop\u00a0\u00bb animation_style=\u00a0\u00bbslide\u00a0\u00bb animation_intensity_slide=\u00a0\u00bb10%\u00a0\u00bb animation_starting_opacity=\u00a0\u00bb100%\u00a0\u00bb locked=\u00a0\u00bboff\u00a0\u00bb global_colors_info=\u00a0\u00bb{}\u00a0\u00bb][\/et_pb_divider][\/et_pb_column][\/et_pb_row][et_pb_row _builder_version=\u00a0\u00bb4.24.3&Prime; _module_preset=\u00a0\u00bbdefault\u00a0\u00bb locked=\u00a0\u00bboff\u00a0\u00bb global_colors_info=\u00a0\u00bb{}\u00a0\u00bb][et_pb_column type=\u00a0\u00bb4_4&Prime; _builder_version=\u00a0\u00bb4.24.3&Prime; _module_preset=\u00a0\u00bbdefault\u00a0\u00bb global_colors_info=\u00a0\u00bb{}\u00a0\u00bb][decm_event_display show_past=\u00a0\u00bbpast_events\u00a0\u00bb show_date=\u00a0\u00bboff\u00a0\u00bb show_end_date=\u00a0\u00bboff\u00a0\u00bb show_time=\u00a0\u00bboff\u00a0\u00bb show_name=\u00a0\u00bboff\u00a0\u00bb show_price=\u00a0\u00bboff\u00a0\u00bb show_category=\u00a0\u00bboff\u00a0\u00bb hide_comma_cat=\u00a0\u00bboff\u00a0\u00bb show_tag=\u00a0\u00bboff\u00a0\u00bb show_weburl=\u00a0\u00bboff\u00a0\u00bb show_excerpt=\u00a0\u00bboff\u00a0\u00bb show_detail=\u00a0\u00bboff\u00a0\u00bb show_icon_label=\u00a0\u00bbicon\u00a0\u00bb result_message=\u00a0\u00bbIl n&rsquo;y a pas d&rsquo;\u00e9v\u00e9nements \u00e0 venir pour le moment.\u00a0\u00bb open_toggle_background_color=\u00a0\u00bb#282624&Prime; month_sep_background_color=\u00a0\u00bbRGBA(255,255,255,0)\u00a0\u00bb details_background_color=\u00a0\u00bbRGBA(255,255,255,0)\u00a0\u00bb callout_background_color=\u00a0\u00bbRGBA(255,255,255,0)\u00a0\u00bb details_link_color=\u00a0\u00bb#FFFFFF\u00a0\u00bb details_icon_color=\u00a0\u00bb#b2b2b2&Prime; event_inner_spacing=\u00a0\u00bb||||false|false\u00a0\u00bb image_aspect_ratio=\u00a0\u00bb16\/9&Prime; _builder_version=\u00a0\u00bb4.25.0&Prime; _module_preset=\u00a0\u00bbdefault\u00a0\u00bb title_font=\u00a0\u00bbPoppins|600|||||||\u00a0\u00bb title_text_color=\u00a0\u00bb#FFFFFF\u00a0\u00bb duration_font=\u00a0\u00bbPoppins||||||||\u00a0\u00bb duration_text_color=\u00a0\u00bb#b2b2b2&Prime; month_sep_text_color=\u00a0\u00bb#FFFFFF\u00a0\u00bb callout_date_font=\u00a0\u00bbPoppins|700|||||||\u00a0\u00bb callout_date_text_color=\u00a0\u00bb#FFFFFF\u00a0\u00bb callout_month_text_color=\u00a0\u00bb#FFFFFF\u00a0\u00bb background_color=\u00a0\u00bbRGBA(255,255,255,0)\u00a0\u00bb custom_view_more=\u00a0\u00bbon\u00a0\u00bb view_more_text_size=\u00a0\u00bb15px\u00a0\u00bb view_more_text_color=\u00a0\u00bb#E09900&Prime; view_more_bg_color=\u00a0\u00bbRGBA(255,255,255,0)\u00a0\u00bb view_more_border_color=\u00a0\u00bb#E09900&Prime; view_more_border_radius=\u00a0\u00bb49px\u00a0\u00bb view_more_icon=\u00a0\u00bb&#x35;||divi||400&Prime; view_more_alignment=\u00a0\u00bbleft\u00a0\u00bb custom_ajax_load_more_button=\u00a0\u00bbon\u00a0\u00bb ajax_load_more_button_text_color=\u00a0\u00bbRGBA(255,255,255,0)\u00a0\u00bb ajax_load_more_button_bg_color=\u00a0\u00bbRGBA(255,255,255,0)\u00a0\u00bb ajax_load_more_button_border_color=\u00a0\u00bbRGBA(255,255,255,0)\u00a0\u00bb ajax_load_more_button_icon_color=\u00a0\u00bbRGBA(255,255,255,0)\u00a0\u00bb border_radii_thumbnail_border=\u00a0\u00bbon|0px|0px|0px|0px\u00a0\u00bb border_width_all_thumbnail_border=\u00a0\u00bb0px\u00a0\u00bb border_radii_event_border=\u00a0\u00bbon|18px|18px|18px|18px\u00a0\u00bb border_width_all_event_border=\u00a0\u00bb0px\u00a0\u00bb border_style_all_event_border=\u00a0\u00bbnone\u00a0\u00bb border_width_all_details_border=\u00a0\u00bb28px\u00a0\u00bb border_color_all_details_border=\u00a0\u00bbRGBA(255,255,255,0)\u00a0\u00bb border_color_all_callout_border=\u00a0\u00bbRGBA(255,255,255,0)\u00a0\u00bb global_colors_info=\u00a0\u00bb{}\u00a0\u00bb][\/decm_event_display][\/et_pb_column][\/et_pb_row][\/et_pb_section]<\/p>\n","protected":false},"excerpt":{"rendered":"<p>\u00c9v\u00e9nementsD\u00e9couvrez nos derniers \u00e9v\u00e9nements \u00e0 venir et ne manquez pas les opportunit\u00e9s de r\u00e9seautage.\u00c9v\u00e9nements \u00e0 venir<div class=\"et_pb_module decm_event_display decm_event_display_0 et_pb_bg_layout_ \">\n\t\t\t\t\n\t\t\t\t\n\t\t\t\t\n\t\t\t\t\n\t\t\t\t\n\t\t\t\t\n\t\t\t\t<div class=\"et_pb_module_inner\">\n\t\t\t\t\t\r\n\t\t\t\t<style><\/style><div class=\" \">\r\n\t\t\t\t\t\r\n\t\t\t\t\t\r\n\t\t\t\t\t<div class= \"\">\r\n\t\t\t\t\t\t<div class=\"events-results-message\">\u00bbIl<\/div>\r\n\t\t<input type=\"hidden\" name=\"dec-eventfeed-future-past\" id=\"dec-eventfeed-future-past\" value=\"\">\r\n\t\t<input type=\"hidden\" name=\"eventfeed_prev_page\" id=\"eventfeed_prev_page\" value=\"0\">\r\n\t\t<input type=\"hidden\" name=\"eventfeed_current_page\" id=\"eventfeed_current_page\" value=\"1\">\r\n\t\t<input type=\"hidden\" name=\"eventfeed_page\" id=\"eventfeed_page\" value=\"load_more\">\r\n\t\t<input type=\"hidden\" name=\"eventfeed_current_pagination_page\" id=\"eventfeed_current_pagination_page\" value=\"1\">\r\n\t\t<input type=\"hidden\" name=\"module_css_feed\" id=\"module_css_feed\" value=\"\">\r\n\t\t<input type=\"hidden\" name=\"module-css-class\" id=\"module-css-class\" value=\"\" \/>\r\n\t\t<input type=\"hidden\" name=\"dec-eventfeed-category\" id=\"dec-eventfeed-category\" value=\"\">\r\n\t\t<input type=\"hidden\" name=\"dec-eventfeed-tag\" id=\"dec-eventfeed-tag\" value=\"\">\r\n\t\t<input type=\"hidden\" name=\"dec-eventfeed-order\" id=\"dec-eventfeed-order\" value=\"\">\r\n\t\t<input type=\"hidden\" name=\"dec-eventfeed-venue\" id=\"dec-eventfeed-venue\" value=\"\">\r\n\t\t<input type=\"hidden\" name=\"dec-eventfeed-organizer\" id=\"dec-eventfeed-organizer\" value=\"\">\r\n\t\t<input type=\"hidden\" name=\"dec-filter-search\" id=\"dec-filter-search\" value=\"\">\r\n\t\t<input type=\"hidden\" name=\"dec-eventfeed-time\" id=\"dec-eventfeed-time\" value=\"\">\r\n\t\t<input type=\"hidden\" name=\"dec-eventfeed-day\" id=\"dec-eventfeed-day\" value=\"\">\r\n\t\t<input type=\"hidden\" name=\"dec-eventfeed-month\" id=\"dec-eventfeed-month\" value=\"\">\r\n\t\t<input type=\"hidden\" name=\"dec-eventfeed-year\" id=\"dec-eventfeed-year\" value=\"\">\r\n\t\t<input type=\"hidden\" name=\"dec-eventfeed-recurring\" id=\"dec-eventfeed-recurring\" value=\"\">\r\n\t\t<input type=\"hidden\" name=\"EventcostMin\" id=\"EventcostMin\" value=\"\">\r\n\t\t<input type=\"hidden\" name=\"EventcostMax\" id=\"EventcostMax\" value=\"\">\r\n\t\t<input type=\"hidden\" name=\"EventendDate\" id=\"EventendDate\" value=\"\">\r\n\t\t<input type=\"hidden\" name=\"EventstartDate\" id=\"EventstartDate\" value=\"\">\r\n\t\t<input type=\"hidden\" name=\"dec-eventfeed-country\" id=\"dec-eventfeed-country\" value=\"\">\r\n\t\t<input type=\"hidden\" name=\"dec-eventfeed-city\" id=\"dec-eventfeed-city\" value=\"\">\r\n\t\t<input type=\"hidden\" name=\"dec-eventfeed-state\" id=\"dec-eventfeed-state\" value=\"\">\r\n\t\t<input type=\"hidden\" name=\"dec-eventfeed-status\" id=\"dec-eventfeed-status\" value=\"\">\r\n\t\t<input type=\"hidden\" name=\"dec-eventfeed-address\" id=\"dec-eventfeed-address\" value=\"\">\r\n\t\t<input type=\"hidden\" name=\"dec-eventfeed-module-class\" id=\"dec-eventfeed-module-class\" value=\".decm_event_display_0\">\r\n\t\t<input type=\"hidden\" name=\"dec-eventfeed-page-translation\" id=\"dec-eventfeed-page-translation\" value=\"Page\">\r\n\t\t<input type=\"hidden\" name=\"dec-eventfeed-first-translation\" id=\"dec-eventfeed-first-translation\" value=\"D'abord\">\r\n\t\t<input type=\"hidden\" name=\"dec-eventfeed-last-translation\" id=\"dec-eventfeed-last-translation\" value=\"Durer\">\r\n\t\t<input type=\"hidden\" name=\"eventfeed_max_page\" id=\"eventfeed_max_page\" value=\"0\"><input type=\"hidden\" name=\"eventfeed_load_img\" id=\"eventfeed_load_img\" value=\"https:\/\/www.simple-expression.com\/sstq\/wp-content\/plugins\/divi-event-calendar-module\/includes\/modules\/EventDisplay\/ajax-loader.gif\">\r\n\t\t\t\t\t<\/div>\r\n\t\t\t\t<\/div>\r\n\t\t\t\t<script>\r\n\r\n\t\t\t\t\r\n\t\t\t\tjQuery(document).ready(function($) {\r\n\r\n\r\n\t\t\t\t\t$('.ecs-event-pagination').on(\"click\", \"a\", function () {\r\n\t\t\t\t\t\tevent.preventDefault();\r\n\t\t\t\t\t\t$('#eventfeed_current_pagination_page').val();\r\n\t\t\t\t\t\t$(\"input[name='eventfeed_current_pagination_page']\").val($(this).attr(\"pn\"));\r\n\t\t\t\t\t});\t\t    \t\r\n\t\r\n\t\t\t\t\t$('.decm_event_display_0').addClass(\"\");\r\n\t\t\t\t\r\n\t\t\t\r\n\r\n\t\t\tvar setHeightColumns = function(){ \r\n\t\t\t\tvar column_loop_row = 0;\r\n\t\t\t\tvar column_height = 0;\r\n\t\t\t\tvar overlay_height = 0;\r\n\t\t\t\tvar ids = [];\r\n\t\t\t\tvar total_Count = 0;\r\n\t\t\t\tvar total_Events = jQuery('.decm_event_display_0 .ecs-event-posts').length; \r\n\t\t\t\tjQuery('.decm_event_display_0 .ecs-event-posts').each(function(){\r\n\t\t\t\t++column_loop_row;\r\n\t\t\t\t++total_Count;\r\n\t\t\t\tvar Event_id = jQuery(this).children('article')[0].id;\r\n\t\t\t\tids.push(Event_id);\r\n\t\t\t\tcolumn_height = jQuery(this).find('#'+Event_id).children('.row').height() >= column_height ? jQuery(this).find('#'+Event_id).children('.row').height() : column_height;\r\n\t\t\t\toverlay_height =\r\n\t\t\t\tjQuery(this).find('.decm-cover-overlay-details').height() >= overlay_height ? jQuery(this).find('.decm-cover-image-overlay').height() : overlay_height;\r\n\t\t\t\tif(column_loop_row == 3 || total_Count == total_Events)\r\n\t\t\t\t{      \r\n\t\t\t\t\tids.map(function(id,index){\r\n\t\t\t\t\t\tvar tempHeight = parseInt(column_height) - parseInt(jQuery('.decm_event_display_0 #'+id+' .row > div:first-child').height());jQuery('.decm_event_display_0 #'+id+' .row > div > div:last-child').css('height',\"auto\");\r\n\t\t\t\t\t\t\r\n\t\t\t\t\t});  \r\n\t\t\t\t\tcolumn_loop_row = 0;\r\n\t\t\t\t\tcolumn_height = 0;\r\n\t\t\t\t\tids = [];\r\n\t\t\t\t}\r\n\t\t\t\t});\r\n\t\t\t\t\r\n\t\t\t}\r\n\t\tvar checkImagesLoad = function(){\r\n\t\t\r\n\t\t\r\n\t\tPromise.all(\r\n\t\t\tArray.from(jQuery(\".decm_event_display_0 .ecs-event-posts img\")).\r\n\t\t\t\tfilter(img => !img.complete).\r\n\t\t\t\tmap(img => new Promise(resolve => {\r\n\t\t\t\t\t\timg.onload = img.onerror = resolve; \r\n\t\t\t\t\t}))).then(() => {\r\n\t\t\t\t\t\tsetHeightColumns();\r\n\t\t\t\t\t});\r\n\t\t\t\t\t\r\n\t\t\t\t\/*var imgs  = jQuery(\".decm_event_display_0_tb_body .ecs-event-posts img\"),\r\n\t\t\t\tlen = imgs.length,\r\n\t\t\t\tcounter = 0;\r\n\t\t\t\t[].forEach.call( imgs, function( img ) {\r\n\t\t\t\t\tif(img.complete)\r\n\t\t\t\t\t  incrementCounter();\r\n\t\t\t\t\telse\r\n\t\t\t\t\t  img.addEventListener( \"load\", incrementCounter, false );\r\n\t\t\t\t} );\r\n\r\n\t\t\t\tfunction incrementCounter() {\r\n\t\t\t\t\tcounter++;\r\n\t\t\t\t\tif ( counter === len ) {\r\n\t\t\t\t\t\tdebugger;\r\n\t\t\t\t\t\tsetHeightColumns();\r\n\t\t\t\t\t}\r\n\t\t\t\t}*\/\r\n\t\t\t}\r\n\t\t\t\r\n\t\t\tsetTimeout(checkImagesLoad, 2000);\r\n\t\t\tjQuery(window).on('resize',function(){\r\n\t\t\t\tvar screenWidth = jQuery(this).width();\r\n\r\n\r\n\t\t\t\tif(screenWidth > 1199){\r\n\t\t\t\t\t\r\n\t\t\t\t\tif(document.readyState == 'complete')\r\n\t\t\t\t\t checkImagesLoad();\r\n\t\t\t\t}\r\n\t\t\t\telse{\r\n\t\t\t\t\tjQuery('.decm_event_display_0 .ecs-event-posts').each(function(){\r\n\t\t\t\t\t\tvar id = jQuery(this).children('article')[0].id;\r\n\t\t\t\t\t\t\r\n\t\tjQuery('.decm_event_display_0 #'+id+' .row > div:first-child').css('height','100%');\r\n\t\tjQuery('.decm_event_display_0 #'+id+' .row > div:last-child').css('height','100%');\r\n\t\tjQuery('.decm_event_display_0 p.ecs-showdetail').css({\"position\":\"unset\",\"width\":\"auto\" });\r\n\t\t\r\n\t\t\t\t\t\t});\r\n\t\t\t\t}\r\n\r\n\t\t\t});\t\r\n\r\n\t\t});\t\r\n\t\t\t<\/script>\r\n\t\t\t\t\r\n\t\t\t\n\t\t\t\t<\/div>\n\t\t\t<\/div><\/p>\n","protected":false},"author":2,"featured_media":0,"parent":0,"menu_order":0,"comment_status":"closed","ping_status":"closed","template":"","meta":{"_et_pb_use_builder":"on","_et_pb_old_content":"","_et_gb_content_width":"","_price":"","_stock":"","_tribe_ticket_header":"","_tribe_default_ticket_provider":"","_tribe_ticket_capacity":"0","_ticket_start_date":"","_ticket_end_date":"","_tribe_ticket_show_description":"","_tribe_ticket_show_not_going":false,"_tribe_ticket_use_global_stock":"","_tribe_ticket_global_stock_level":"","_global_stock_mode":"","_global_stock_cap":"","_tribe_rsvp_for_event":"","_tribe_ticket_going_count":"","_tribe_ticket_not_going_count":"","_tribe_tickets_list":"[]","_tribe_ticket_has_attendee_info_fields":false,"footnotes":""},"class_list":["post-43","page","type-page","status-publish","hentry"],"_links":{"self":[{"href":"https:\/\/www.simple-expression.com\/sstq\/wp-json\/wp\/v2\/pages\/43","targetHints":{"allow":["GET"]}}],"collection":[{"href":"https:\/\/www.simple-expression.com\/sstq\/wp-json\/wp\/v2\/pages"}],"about":[{"href":"https:\/\/www.simple-expression.com\/sstq\/wp-json\/wp\/v2\/types\/page"}],"author":[{"embeddable":true,"href":"https:\/\/www.simple-expression.com\/sstq\/wp-json\/wp\/v2\/users\/2"}],"replies":[{"embeddable":true,"href":"https:\/\/www.simple-expression.com\/sstq\/wp-json\/wp\/v2\/comments?post=43"}],"version-history":[{"count":21,"href":"https:\/\/www.simple-expression.com\/sstq\/wp-json\/wp\/v2\/pages\/43\/revisions"}],"predecessor-version":[{"id":415,"href":"https:\/\/www.simple-expression.com\/sstq\/wp-json\/wp\/v2\/pages\/43\/revisions\/415"}],"wp:attachment":[{"href":"https:\/\/www.simple-expression.com\/sstq\/wp-json\/wp\/v2\/media?parent=43"}],"curies":[{"name":"wp","href":"https:\/\/api.w.org\/{rel}","templated":true}]}}